{"id":2,"date":"2022-09-13T06:13:16","date_gmt":"2022-09-13T06:13:16","guid":{"rendered":"https:\/\/www.scoalabreasta.ro\/?page_id=2"},"modified":"2022-12-22T19:49:46","modified_gmt":"2022-12-22T19:49:46","slug":"activitati","status":"publish","type":"page","link":"https:\/\/www.scoalabreasta.ro\/?page_id=2","title":{"rendered":"Activit\u0103\u021bi"},"content":{"rendered":"\r\n<p>Aceast\u0103 pagin\u0103 este dedicat\u0103 prezent\u0103rii activit\u0103\u021bilor \u00een care au fost implicate cadrele didactice \u0219i \/ sau elevii \u0218colii Gimnaziale Breasta.<\/p>\r\n","protected":false},"excerpt":{"rendered":"<p>Aceast\u0103 pagin\u0103 este dedicat\u0103 prezent\u0103rii activit\u0103\u021bilor \u00een care au fost implicate cadrele didactice \u0219i \/ sau elevii \u0218colii Gimnaziale Breasta.<\/p>\n","protected":false},"author":1,"featured_media":0,"parent":0,"menu_order":2,"comment_status":"closed","ping_status":"open","template":"","meta":{"footnotes":""},"class_list":["post-2","page","type-page","status-publish","hentry"],"_links":{"self":[{"href":"https:\/\/www.scoalabreasta.ro\/index.php?rest_route=\/wp\/v2\/pages\/2","targetHints":{"allow":["GET"]}}],"collection":[{"href":"https:\/\/www.scoalabreasta.ro\/index.php?rest_route=\/wp\/v2\/pages"}],"about":[{"href":"https:\/\/www.scoalabreasta.ro\/index.php?rest_route=\/wp\/v2\/types\/page"}],"author":[{"embeddable":true,"href":"https:\/\/www.scoalabreasta.ro\/index.php?rest_route=\/wp\/v2\/users\/1"}],"replies":[{"embeddable":true,"href":"https:\/\/www.scoalabreasta.ro\/index.php?rest_route=%2Fwp%2Fv2%2Fcomments&post=2"}],"version-history":[{"count":3,"href":"https:\/\/www.scoalabreasta.ro\/index.php?rest_route=\/wp\/v2\/pages\/2\/revisions"}],"predecessor-version":[{"id":257,"href":"https:\/\/www.scoalabreasta.ro\/index.php?rest_route=\/wp\/v2\/pages\/2\/revisions\/257"}],"wp:attachment":[{"href":"https:\/\/www.scoalabreasta.ro\/index.php?rest_route=%2Fwp%2Fv2%2Fmedia&parent=2"}],"curies":[{"name":"wp","href":"https:\/\/api.w.org\/{rel}","templated":true}]}}